{"id":707,"date":"2020-07-30T14:44:37","date_gmt":"2020-07-30T12:44:37","guid":{"rendered":"https:\/\/er-hausverwaltungen.de\/standorte\/?page_id=707"},"modified":"2022-09-28T12:50:46","modified_gmt":"2022-09-28T10:50:46","slug":"impressum","status":"publish","type":"page","link":"https:\/\/er-hausverwaltungen.de\/standorte\/impressum\/","title":{"rendered":"Impressum"},"content":{"rendered":"\t\t<div data-elementor-type=\"wp-page\" data-elementor-id=\"707\" class=\"elementor elementor-707\" data-elementor-post-type=\"page\">\n\t\t\t\t\t\t<section class=\"elementor-section elementor-top-section elementor-element elementor-element-ab19286 elementor-section-stretched elementor-section-full_width elementor-section-height-min-height elementor-section-items-stretch elementor-section-height-default\" data-id=\"ab19286\" data-element_type=\"section\" data-e-type=\"section\" data-settings=\"{&quot;stretch_section&quot;:&quot;section-stretched&quot;}\">\n\t\t\t\t\t\t\t<div class=\"elementor-background-overlay\"><\/div>\n\t\t\t\t\t\t\t<div class=\"elementor-container elementor-column-gap-default\">\n\t\t\t\t\t<div class=\"elementor-column elementor-col-50 elementor-top-column elementor-element elementor-element-42bf533 elementor-hidden-phone\" data-id=\"42bf533\" data-element_type=\"column\" data-e-type=\"column\" data-settings=\"{&quot;background_background&quot;:&quot;classic&quot;}\">\n\t\t\t<div class=\"elementor-widget-wrap elementor-element-populated\">\n\t\t\t\t\t\t<div class=\"elementor-element elementor-element-5cdc8b6 elementor-widget elementor-widget-heading\" data-id=\"5cdc8b6\" data-element_type=\"widget\" data-e-type=\"widget\" data-widget_type=\"heading.default\">\n\t\t\t\t<div class=\"elementor-widget-container\">\n\t\t\t\t\t<h2 class=\"elementor-heading-title elementor-size-default\"><span style=\"font-weight:600\">ER<\/span>&amp;nbspImmobilien<\/h2>\t\t\t\t<\/div>\n\t\t\t\t<\/div>\n\t\t\t\t\t<\/div>\n\t\t<\/div>\n\t\t\t\t<div class=\"elementor-column elementor-col-50 elementor-top-column elementor-element elementor-element-829ea93\" data-id=\"829ea93\" data-element_type=\"column\" data-e-type=\"column\" data-settings=\"{&quot;background_background&quot;:&quot;classic&quot;}\">\n\t\t\t<div class=\"elementor-widget-wrap\">\n\t\t\t\t\t<div class=\"elementor-background-overlay\"><\/div>\n\t\t\t\t\t\t\t<\/div>\n\t\t<\/div>\n\t\t\t\t\t<\/div>\n\t\t<\/section>\n\t\t\t\t<section class=\"elementor-section elementor-top-section elementor-element elementor-element-9dad923 elementor-section-stretched elementor-section-full_width elementor-section-height-min-height elementor-section-items-stretch elementor-section-height-default\" data-id=\"9dad923\" data-element_type=\"section\" data-e-type=\"section\" data-settings=\"{&quot;stretch_section&quot;:&quot;section-stretched&quot;}\">\n\t\t\t\t\t\t<div class=\"elementor-container elementor-column-gap-default\">\n\t\t\t\t\t<div class=\"elementor-column elementor-col-50 elementor-top-column elementor-element elementor-element-f383280 elementor-hidden-phone\" data-id=\"f383280\" data-element_type=\"column\" data-e-type=\"column\">\n\t\t\t<div class=\"elementor-widget-wrap elementor-element-populated\">\n\t\t\t\t\t\t<div class=\"elementor-element elementor-element-b6bc0bb elementor-widget elementor-widget-spacer\" data-id=\"b6bc0bb\" data-element_type=\"widget\" data-e-type=\"widget\" data-widget_type=\"spacer.default\">\n\t\t\t\t<div class=\"elementor-widget-container\">\n\t\t\t\t\t\t\t<div class=\"elementor-spacer\">\n\t\t\t<div class=\"elementor-spacer-inner\"><\/div>\n\t\t<\/div>\n\t\t\t\t\t\t<\/div>\n\t\t\t\t<\/div>\n\t\t\t\t\t<\/div>\n\t\t<\/div>\n\t\t\t\t<div class=\"elementor-column elementor-col-50 elementor-top-column elementor-element elementor-element-a0797dc\" data-id=\"a0797dc\" data-element_type=\"column\" data-e-type=\"column\">\n\t\t\t<div class=\"elementor-widget-wrap\">\n\t\t\t\t\t\t\t<\/div>\n\t\t<\/div>\n\t\t\t\t\t<\/div>\n\t\t<\/section>\n\t\t\t\t<section class=\"elementor-section elementor-top-section elementor-element elementor-element-8b638f8 elementor-section-height-min-height elementor-section-items-stretch elementor-section-boxed elementor-section-height-default\" data-id=\"8b638f8\" data-element_type=\"section\" data-e-type=\"section\">\n\t\t\t\t\t\t<div class=\"elementor-container elementor-column-gap-default\">\n\t\t\t\t\t<div class=\"elementor-column elementor-col-50 elementor-top-column elementor-element elementor-element-fcdd86d elementor-hidden-phone\" data-id=\"fcdd86d\" data-element_type=\"column\" data-e-type=\"column\">\n\t\t\t<div class=\"elementor-widget-wrap\">\n\t\t\t\t\t\t\t<\/div>\n\t\t<\/div>\n\t\t\t\t<div class=\"elementor-column elementor-col-50 elementor-top-column elementor-element elementor-element-16136bb\" data-id=\"16136bb\" data-element_type=\"column\" data-e-type=\"column\">\n\t\t\t<div class=\"elementor-widget-wrap elementor-element-populated\">\n\t\t\t\t\t\t<div class=\"elementor-element elementor-element-6e416c9 elementor-widget elementor-widget-heading\" data-id=\"6e416c9\" data-element_type=\"widget\" data-e-type=\"widget\" data-widget_type=\"heading.default\">\n\t\t\t\t<div class=\"elementor-widget-container\">\n\t\t\t\t\t<h1 class=\"elementor-heading-title elementor-size-default\">Impressum<\/h1>\t\t\t\t<\/div>\n\t\t\t\t<\/div>\n\t\t\t\t<div class=\"elementor-element elementor-element-5e2e0c4 elementor-widget elementor-widget-heading\" data-id=\"5e2e0c4\" data-element_type=\"widget\" data-e-type=\"widget\" data-widget_type=\"heading.default\">\n\t\t\t\t<div class=\"elementor-widget-container\">\n\t\t\t\t\t<h3 class=\"elementor-heading-title elementor-size-default\">Rechtliches<\/h3>\t\t\t\t<\/div>\n\t\t\t\t<\/div>\n\t\t\t\t\t<\/div>\n\t\t<\/div>\n\t\t\t\t\t<\/div>\n\t\t<\/section>\n\t\t\t\t<section class=\"elementor-section elementor-top-section elementor-element elementor-element-a01c1e7 elementor-section-boxed elementor-section-height-default elementor-section-height-default\" data-id=\"a01c1e7\" data-element_type=\"section\" data-e-type=\"section\">\n\t\t\t\t\t\t<div class=\"elementor-container elementor-column-gap-default\">\n\t\t\t\t\t<div class=\"elementor-column elementor-col-100 elementor-top-column elementor-element elementor-element-4898f30\" data-id=\"4898f30\" data-element_type=\"column\" data-e-type=\"column\">\n\t\t\t<div class=\"elementor-widget-wrap elementor-element-populated\">\n\t\t\t\t\t\t<div class=\"elementor-element elementor-element-e5e32a0 elementor-widget elementor-widget-text-editor\" data-id=\"e5e32a0\" data-element_type=\"widget\" data-e-type=\"widget\" data-widget_type=\"text-editor.default\">\n\t\t\t\t<div class=\"elementor-widget-container\">\n\t\t\t\t\t\t\t\t\t<p><strong>Angaben gem\u00e4\u00df \u00a7 5 TMG<\/strong><\/p><p>ER Hausverwaltung GmbH<br \/>Herrenstra\u00dfe 9<br \/>21698 Harsefeld<\/p><p>Handelsregisternummer: HRB 120826<\/p><p>Registergericht: Amtsgericht Tostedt<\/p><p>Gesch\u00e4ftsf\u00fchrer:<\/p><p>Rifat Er<\/p><p><strong>Kontakt<\/strong><\/p><p>Tel.: +49(0) 4164-8998-0\u00a0<\/p><p>Mail: info@er-hv.de<\/p><p>Umsatzsteuer-Identifikationsnummer gem\u00e4\u00df \u00a7 27 a Umsatzsteuergesetz: DE328691421<\/p><p>Zust\u00e4ndige Aufsichtsbeh\u00f6rde f\u00fcr die T\u00e4tigkeit nach \u00a7 34c GewO: Industrie- und Handelskammer Stade f\u00fcr den Elbe-Weser-Raum, Am Sch\u00e4ferstieg 2, 21680 Stade<\/p><p>Online-Streitbeilegung gem\u00e4\u00df Art. 14 Abs. 1 ODR-VO: Die Europ\u00e4ische Kommission stellt eine Plattform zur Online-Streitbeilegung (OS) bereit, die Sie unter\u00a0<a href=\"https:\/\/ec.europa.eu\/consumers\/odr\/\" target=\"_blank\" rel=\"noreferrer noopener\">https:\/\/ec.europa.eu\/consumers\/odr\/<\/a>\u00a0finden. Dar\u00fcber hinaus nimmt unser Betrieb an keinerlei Verbraucherstreitigkeitsverfahren teil.<\/p><p>Inhaltlich verantwortlich (gem\u00e4\u00df \u00a7 55 Abs. 2 RStV): Rifat Er<\/p><p><strong>Haftung f\u00fcr Inhalte<\/strong><\/p><p>Als Diensteanbieter sind wir gem\u00e4\u00df \u00a7 7 Abs.1 TMG f\u00fcr eigene Inhalte auf diesen Seiten nach den allgemeinen Gesetzen verantwortlich. Nach \u00a7\u00a7 8 bis 10 TMG sind wir als Diensteanbieter jedoch nicht verpflichtet, \u00fcbermittelte oder gespeicherte fremde Informationen zu \u00fcberwachen oder nach Umst\u00e4nden zu forschen, die auf eine rechtswidrige T\u00e4tigkeit hinweisen.<\/p><p>Verpflichtungen zur Entfernung oder Sperrung der Nutzung von Informationen nach den allgemeinen Gesetzen bleiben hiervon unber\u00fchrt. Eine diesbez\u00fcgliche Haftung ist jedoch erst ab dem Zeitpunkt der Kenntnis einer konkreten Rechtsverletzung m\u00f6glich. Bei Bekanntwerden von entsprechenden Rechtsverletzungen werden wir diese Inhalte umgehend entfernen.<\/p><p><strong>Haftung f\u00fcr Links<\/strong><\/p><p>Unser Angebot enth\u00e4lt Links zu externen Websites Dritter, auf deren Inhalte wir keinen Einfluss haben. Deshalb k\u00f6nnen wir f\u00fcr diese fremden Inhalte auch keine Gew\u00e4hr \u00fcbernehmen. F\u00fcr die Inhalte der verlinkten Seiten ist stets der jeweilige Anbieter oder Betreiber der Seiten verantwortlich. Die verlinkten Seiten wurden zum Zeitpunkt der Verlinkung auf m\u00f6gliche Rechtsverst\u00f6\u00dfe \u00fcberpr\u00fcft. Rechtswidrige Inhalte waren zum Zeitpunkt der Verlinkung nicht erkennbar.<\/p><p>Eine permanente inhaltliche Kontrolle der verlinkten Seiten ist jedoch ohne konkrete Anhaltspunkte einer Rechtsverletzung nicht zumutbar. Bei Bekanntwerden von Rechtsverletzungen werden wir derartige Links<br \/>umgehend entfernen.<\/p><p><strong>Urheberrecht<\/strong><\/p><p>Die durch die Seitenbetreiber erstellten Inhalte und Werke auf diesen Seiten unterliegen dem deutschen Urheberrecht. Die Vervielf\u00e4ltigung, Bearbeitung, Verbreitung und jede Art der Verwertung au\u00dferhalb der<br \/>Grenzen des Urheberrechtes bed\u00fcrfen der schriftlichen Zustimmung des jeweiligen Autors bzw. Erstellers. Downloads und Kopien dieser Seite sind nur f\u00fcr den privaten, nicht kommerziellen Gebrauch gestattet.<\/p><p>Soweit die Inhalte auf dieser Seite nicht vom Betreiber erstellt wurden, werden die Urheberrechte Dritter beachtet. Insbesondere werden Inhalte Dritter als solche gekennzeichnet. Sollten Sie trotzdem auf eine<br \/>Urheberrechtsverletzung aufmerksam werden, bitten wir um einen entsprechenden Hinweis. Bei Bekanntwerden von Rechtsverletzungen werden wir derartige Inhalte umgehend entfernen.<\/p><p><strong>Bildrechte | Copyright<\/strong><\/p><p>Startseitenbild (Bremen Nachtansicht): Adobe Stock Erweiterte Lizenz<\/p><p>Alle anderen Bilder: CC Lizenz Pexels | Pixabay | Unsplash<\/p>\t\t\t\t\t\t\t\t<\/div>\n\t\t\t\t<\/div>\n\t\t\t\t\t<\/div>\n\t\t<\/div>\n\t\t\t\t\t<\/div>\n\t\t<\/section>\n\t\t\t\t<\/div>\n\t\t","protected":false},"excerpt":{"rendered":"<p>ER&#038;nbspImmobilien Impressum Rechtliches Angaben gem\u00e4\u00df \u00a7 5 TMG ER Hausverwaltung GmbHHerrenstra\u00dfe 921698 Harsefeld Handelsregisternummer: HRB 120826 Registergericht: Amtsgericht Tostedt Gesch\u00e4ftsf\u00fchrer: Rifat Er Kontakt Tel.: +49(0) 4164-8998-0\u00a0 Mail: info@er-hv.de Umsatzsteuer-Identifikationsnummer gem\u00e4\u00df \u00a7 27 a Umsatzsteuergesetz: DE328691421 Zust\u00e4ndige Aufsichtsbeh\u00f6rde f\u00fcr die T\u00e4tigkeit nach \u00a7 34c GewO: Industrie- und Handelskammer Stade f\u00fcr den Elbe-Weser-Raum, Am Sch\u00e4ferstieg 2, 21680 [&hellip;]<\/p>\n","protected":false},"author":1,"featured_media":714,"parent":0,"menu_order":0,"comment_status":"closed","ping_status":"closed","template":"","meta":{"footnotes":""},"class_list":["post-707","page","type-page","status-publish","has-post-thumbnail","hentry"],"yoast_head":"<!-- This site is optimized with the Yoast SEO plugin v27.5 - https:\/\/yoast.com\/product\/yoast-seo-wordpress\/ -->\n<title>Impressum - ER Hausverwaltungen GmbH<\/title>\n<meta name=\"robots\" content=\"index, follow, max-snippet:-1, max-image-preview:large, max-video-preview:-1\" \/>\n<link rel=\"canonical\" href=\"https:\/\/er-hausverwaltungen.de\/standorte\/impressum\/\" \/>\n<meta property=\"og:locale\" content=\"de_DE\" \/>\n<meta property=\"og:type\" content=\"article\" \/>\n<meta property=\"og:title\" content=\"Impressum - ER Hausverwaltungen GmbH\" \/>\n<meta property=\"og:description\" content=\"ER&#038;nbspImmobilien Impressum Rechtliches Angaben gem\u00e4\u00df \u00a7 5 TMG ER Hausverwaltung GmbHHerrenstra\u00dfe 921698 Harsefeld Handelsregisternummer: HRB 120826 Registergericht: Amtsgericht Tostedt Gesch\u00e4ftsf\u00fchrer: Rifat Er Kontakt Tel.: +49(0) 4164-8998-0\u00a0 Mail: info@er-hv.de Umsatzsteuer-Identifikationsnummer gem\u00e4\u00df \u00a7 27 a Umsatzsteuergesetz: DE328691421 Zust\u00e4ndige Aufsichtsbeh\u00f6rde f\u00fcr die T\u00e4tigkeit nach \u00a7 34c GewO: Industrie- und Handelskammer Stade f\u00fcr den Elbe-Weser-Raum, Am Sch\u00e4ferstieg 2, 21680 [&hellip;]\" \/>\n<meta property=\"og:url\" content=\"https:\/\/er-hausverwaltungen.de\/standorte\/impressum\/\" \/>\n<meta property=\"og:site_name\" content=\"ER Hausverwaltungen GmbH\" \/>\n<meta property=\"article:modified_time\" content=\"2022-09-28T10:50:46+00:00\" \/>\n<meta property=\"og:image\" content=\"https:\/\/er-hausverwaltungen.de\/standorte\/wp-content\/uploads\/2020\/07\/er-immo1.jpg\" \/>\n\t<meta property=\"og:image:width\" content=\"2048\" \/>\n\t<meta property=\"og:image:height\" content=\"1536\" \/>\n\t<meta property=\"og:image:type\" content=\"image\/jpeg\" \/>\n<meta name=\"twitter:card\" content=\"summary_large_image\" \/>\n<meta name=\"twitter:label1\" content=\"Gesch\u00e4tzte Lesezeit\" \/>\n\t<meta name=\"twitter:data1\" content=\"2\u00a0Minuten\" \/>\n<script type=\"application\/ld+json\" class=\"yoast-schema-graph\">{\"@context\":\"https:\\\/\\\/schema.org\",\"@graph\":[{\"@type\":\"WebPage\",\"@id\":\"https:\\\/\\\/er-hausverwaltungen.de\\\/standorte\\\/impressum\\\/\",\"url\":\"https:\\\/\\\/er-hausverwaltungen.de\\\/standorte\\\/impressum\\\/\",\"name\":\"Impressum - ER Hausverwaltungen GmbH\",\"isPartOf\":{\"@id\":\"https:\\\/\\\/er-hausverwaltungen.de\\\/standorte\\\/#website\"},\"primaryImageOfPage\":{\"@id\":\"https:\\\/\\\/er-hausverwaltungen.de\\\/standorte\\\/impressum\\\/#primaryimage\"},\"image\":{\"@id\":\"https:\\\/\\\/er-hausverwaltungen.de\\\/standorte\\\/impressum\\\/#primaryimage\"},\"thumbnailUrl\":\"https:\\\/\\\/er-hausverwaltungen.de\\\/standorte\\\/wp-content\\\/uploads\\\/2020\\\/07\\\/er-immo1.jpg\",\"datePublished\":\"2020-07-30T12:44:37+00:00\",\"dateModified\":\"2022-09-28T10:50:46+00:00\",\"breadcrumb\":{\"@id\":\"https:\\\/\\\/er-hausverwaltungen.de\\\/standorte\\\/impressum\\\/#breadcrumb\"},\"inLanguage\":\"de\",\"potentialAction\":[{\"@type\":\"ReadAction\",\"target\":[\"https:\\\/\\\/er-hausverwaltungen.de\\\/standorte\\\/impressum\\\/\"]}]},{\"@type\":\"ImageObject\",\"inLanguage\":\"de\",\"@id\":\"https:\\\/\\\/er-hausverwaltungen.de\\\/standorte\\\/impressum\\\/#primaryimage\",\"url\":\"https:\\\/\\\/er-hausverwaltungen.de\\\/standorte\\\/wp-content\\\/uploads\\\/2020\\\/07\\\/er-immo1.jpg\",\"contentUrl\":\"https:\\\/\\\/er-hausverwaltungen.de\\\/standorte\\\/wp-content\\\/uploads\\\/2020\\\/07\\\/er-immo1.jpg\",\"width\":2048,\"height\":1536},{\"@type\":\"BreadcrumbList\",\"@id\":\"https:\\\/\\\/er-hausverwaltungen.de\\\/standorte\\\/impressum\\\/#breadcrumb\",\"itemListElement\":[{\"@type\":\"ListItem\",\"position\":1,\"name\":\"Startseite\",\"item\":\"https:\\\/\\\/er-hausverwaltungen.de\\\/standorte\\\/\"},{\"@type\":\"ListItem\",\"position\":2,\"name\":\"Impressum\"}]},{\"@type\":\"WebSite\",\"@id\":\"https:\\\/\\\/er-hausverwaltungen.de\\\/standorte\\\/#website\",\"url\":\"https:\\\/\\\/er-hausverwaltungen.de\\\/standorte\\\/\",\"name\":\"ER Hausverwaltungen GmbH\",\"description\":\"\",\"potentialAction\":[{\"@type\":\"SearchAction\",\"target\":{\"@type\":\"EntryPoint\",\"urlTemplate\":\"https:\\\/\\\/er-hausverwaltungen.de\\\/standorte\\\/?s={search_term_string}\"},\"query-input\":{\"@type\":\"PropertyValueSpecification\",\"valueRequired\":true,\"valueName\":\"search_term_string\"}}],\"inLanguage\":\"de\"}]}<\/script>\n<!-- \/ Yoast SEO plugin. -->","yoast_head_json":{"title":"Impressum - ER Hausverwaltungen GmbH","robots":{"index":"index","follow":"follow","max-snippet":"max-snippet:-1","max-image-preview":"max-image-preview:large","max-video-preview":"max-video-preview:-1"},"canonical":"https:\/\/er-hausverwaltungen.de\/standorte\/impressum\/","og_locale":"de_DE","og_type":"article","og_title":"Impressum - ER Hausverwaltungen GmbH","og_description":"ER&#038;nbspImmobilien Impressum Rechtliches Angaben gem\u00e4\u00df \u00a7 5 TMG ER Hausverwaltung GmbHHerrenstra\u00dfe 921698 Harsefeld Handelsregisternummer: HRB 120826 Registergericht: Amtsgericht Tostedt Gesch\u00e4ftsf\u00fchrer: Rifat Er Kontakt Tel.: +49(0) 4164-8998-0\u00a0 Mail: info@er-hv.de Umsatzsteuer-Identifikationsnummer gem\u00e4\u00df \u00a7 27 a Umsatzsteuergesetz: DE328691421 Zust\u00e4ndige Aufsichtsbeh\u00f6rde f\u00fcr die T\u00e4tigkeit nach \u00a7 34c GewO: Industrie- und Handelskammer Stade f\u00fcr den Elbe-Weser-Raum, Am Sch\u00e4ferstieg 2, 21680 [&hellip;]","og_url":"https:\/\/er-hausverwaltungen.de\/standorte\/impressum\/","og_site_name":"ER Hausverwaltungen GmbH","article_modified_time":"2022-09-28T10:50:46+00:00","og_image":[{"width":2048,"height":1536,"url":"https:\/\/er-hausverwaltungen.de\/standorte\/wp-content\/uploads\/2020\/07\/er-immo1.jpg","type":"image\/jpeg"}],"twitter_card":"summary_large_image","twitter_misc":{"Gesch\u00e4tzte Lesezeit":"2\u00a0Minuten"},"schema":{"@context":"https:\/\/schema.org","@graph":[{"@type":"WebPage","@id":"https:\/\/er-hausverwaltungen.de\/standorte\/impressum\/","url":"https:\/\/er-hausverwaltungen.de\/standorte\/impressum\/","name":"Impressum - ER Hausverwaltungen GmbH","isPartOf":{"@id":"https:\/\/er-hausverwaltungen.de\/standorte\/#website"},"primaryImageOfPage":{"@id":"https:\/\/er-hausverwaltungen.de\/standorte\/impressum\/#primaryimage"},"image":{"@id":"https:\/\/er-hausverwaltungen.de\/standorte\/impressum\/#primaryimage"},"thumbnailUrl":"https:\/\/er-hausverwaltungen.de\/standorte\/wp-content\/uploads\/2020\/07\/er-immo1.jpg","datePublished":"2020-07-30T12:44:37+00:00","dateModified":"2022-09-28T10:50:46+00:00","breadcrumb":{"@id":"https:\/\/er-hausverwaltungen.de\/standorte\/impressum\/#breadcrumb"},"inLanguage":"de","potentialAction":[{"@type":"ReadAction","target":["https:\/\/er-hausverwaltungen.de\/standorte\/impressum\/"]}]},{"@type":"ImageObject","inLanguage":"de","@id":"https:\/\/er-hausverwaltungen.de\/standorte\/impressum\/#primaryimage","url":"https:\/\/er-hausverwaltungen.de\/standorte\/wp-content\/uploads\/2020\/07\/er-immo1.jpg","contentUrl":"https:\/\/er-hausverwaltungen.de\/standorte\/wp-content\/uploads\/2020\/07\/er-immo1.jpg","width":2048,"height":1536},{"@type":"BreadcrumbList","@id":"https:\/\/er-hausverwaltungen.de\/standorte\/impressum\/#breadcrumb","itemListElement":[{"@type":"ListItem","position":1,"name":"Startseite","item":"https:\/\/er-hausverwaltungen.de\/standorte\/"},{"@type":"ListItem","position":2,"name":"Impressum"}]},{"@type":"WebSite","@id":"https:\/\/er-hausverwaltungen.de\/standorte\/#website","url":"https:\/\/er-hausverwaltungen.de\/standorte\/","name":"ER Hausverwaltungen GmbH","description":"","potentialAction":[{"@type":"SearchAction","target":{"@type":"EntryPoint","urlTemplate":"https:\/\/er-hausverwaltungen.de\/standorte\/?s={search_term_string}"},"query-input":{"@type":"PropertyValueSpecification","valueRequired":true,"valueName":"search_term_string"}}],"inLanguage":"de"}]}},"_links":{"self":[{"href":"https:\/\/er-hausverwaltungen.de\/standorte\/wp-json\/wp\/v2\/pages\/707","targetHints":{"allow":["GET"]}}],"collection":[{"href":"https:\/\/er-hausverwaltungen.de\/standorte\/wp-json\/wp\/v2\/pages"}],"about":[{"href":"https:\/\/er-hausverwaltungen.de\/standorte\/wp-json\/wp\/v2\/types\/page"}],"author":[{"embeddable":true,"href":"https:\/\/er-hausverwaltungen.de\/standorte\/wp-json\/wp\/v2\/users\/1"}],"replies":[{"embeddable":true,"href":"https:\/\/er-hausverwaltungen.de\/standorte\/wp-json\/wp\/v2\/comments?post=707"}],"version-history":[{"count":10,"href":"https:\/\/er-hausverwaltungen.de\/standorte\/wp-json\/wp\/v2\/pages\/707\/revisions"}],"predecessor-version":[{"id":3464,"href":"https:\/\/er-hausverwaltungen.de\/standorte\/wp-json\/wp\/v2\/pages\/707\/revisions\/3464"}],"wp:featuredmedia":[{"embeddable":true,"href":"https:\/\/er-hausverwaltungen.de\/standorte\/wp-json\/wp\/v2\/media\/714"}],"wp:attachment":[{"href":"https:\/\/er-hausverwaltungen.de\/standorte\/wp-json\/wp\/v2\/media?parent=707"}],"curies":[{"name":"wp","href":"https:\/\/api.w.org\/{rel}","templated":true}]}}